{"id":255,"date":"2017-08-21T15:41:48","date_gmt":"2017-08-21T15:41:48","guid":{"rendered":"http:\/\/calypsocafe.hu\/?page_id=255"},"modified":"2017-08-21T17:23:08","modified_gmt":"2017-08-21T17:23:08","slug":"drinks","status":"publish","type":"page","link":"https:\/\/calypsocafe.hu\/en\/drinks\/","title":{"rendered":"Drinks"},"content":{"rendered":"<p>[vc_row][vc_column width=&#8221;1\/12&#8243;][\/vc_column][vc_column width=&#8221;10\/12&#8243;][vc_column_text]<\/p>\n<table>\n<tbody>\n<tr>\n<td>\n<h3><span id=\"result_box\" class=\"short_text\" lang=\"en\"><span class=\"\">Soft drinks<\/span><\/span><\/h3>\n<\/td>\n<td><\/td>\n<\/tr>\n<tr>\n<td>Cola, Orange, Lemon, Almdudler<\/td>\n<td><strong>390Ft<\/strong>\/0,3l \u00a0<strong>480Ft<\/strong>\/0,5l<\/td>\n<\/tr>\n<tr>\n<td><span id=\"result_box\" class=\"short_text\" lang=\"en\"><span class=\"\">Elderberry syrup<\/span><\/span><\/td>\n<td><strong>360Ft<\/strong>\/0,3l \u00a0<strong>450Ft<\/strong>\/0,5l<\/td>\n<\/tr>\n<tr>\n<td><span id=\"result_box\" class=\"short_text\" lang=\"en\"><span class=\"\">Raspberry syrup<\/span><\/span><\/td>\n<td><strong>360Ft<\/strong>\/0,3l \u00a0<strong>450Ft<\/strong>\/0,5l<\/td>\n<\/tr>\n<tr>\n<td>Apple spritzer<\/td>\n<td><strong>390Ft<\/strong>\/0,3l \u00a0<strong>480Ft<\/strong>\/0,5l<\/td>\n<\/tr>\n<tr>\n<td>Spezi (cola+fanta)<\/td>\n<td><strong>390Ft<\/strong>\/0,3l \u00a0<strong>480Ft<\/strong>\/0,5l<\/td>\n<\/tr>\n<tr>\n<td>Apple 25%<\/td>\n<td><strong>390Ft<\/strong><\/td>\n<\/tr>\n<tr>\n<td>Cherry<\/td>\n<td><strong>390Ft<\/strong><\/td>\n<\/tr>\n<tr>\n<td>Apricots<\/td>\n<td><strong>390Ft<\/strong><\/td>\n<\/tr>\n<tr>\n<td>Peach 25%<\/td>\n<td><strong>390Ft<\/strong><\/td>\n<\/tr>\n<tr>\n<td><span id=\"result_box\" class=\"short_text\" lang=\"en\"><span class=\"\">Blackcurrant<\/span><\/span> 25%<\/td>\n<td><strong>390Ft<\/strong><\/td>\n<\/tr>\n<tr>\n<td>Orage juice 100%<\/td>\n<td><strong>420 Ft<\/strong><\/td>\n<\/tr>\n<tr>\n<td>Pineapple 100%<\/td>\n<td><strong>420 Ft<\/strong><\/td>\n<\/tr>\n<tr>\n<td>Ice-tea<\/td>\n<td><strong>420 Ft<\/strong><\/td>\n<\/tr>\n<tr>\n<td>\n<h3><span id=\"result_box\" class=\"short_text\" lang=\"en\"><span class=\"\">Glassy soft drinks<\/span><\/span><\/h3>\n<\/td>\n<td><\/td>\n<\/tr>\n<tr>\n<td>Coca-cola, -Light, -Zero<\/td>\n<td><strong>330\u00a0Ft<\/strong>\/0,25l<\/td>\n<\/tr>\n<tr>\n<td>Coca-cola products<\/td>\n<td><strong>450 Ft<\/strong>\/0,5l<\/td>\n<\/tr>\n<tr>\n<td>Traubisoda<\/td>\n<td><strong>450 Ft<\/strong>\/0,5l<\/td>\n<\/tr>\n<tr>\n<td>\n<h3>Energy drink<\/h3>\n<\/td>\n<td><\/td>\n<\/tr>\n<tr>\n<td>Red bull<\/td>\n<td><strong>600 Ft<\/strong>\/0,25l<\/td>\n<\/tr>\n<tr>\n<td>Hell<\/td>\n<td><strong>450 Ft<\/strong>\/0,25l<\/td>\n<\/tr>\n<tr>\n<td>\n<h3>Water<\/h3>\n<\/td>\n<td><\/td>\n<\/tr>\n<tr>\n<td>NaturAqua<\/td>\n<td><strong>330 Ft<\/strong>\/0,33l <strong>550 Ft<\/strong>\/0,75l<\/td>\n<\/tr>\n<tr>\n<td><span id=\"result_box\" class=\"short_text\" lang=\"en\"><span class=\"\">Cold filtered water (with lemon)<\/span><\/span><\/td>\n<td><strong>210 Ft<\/strong>\/0,3l<\/td>\n<\/tr>\n<tr>\n<td>Soda<\/td>\n<td><strong>240 Ft<\/strong>\/0,3l<\/td>\n<\/tr>\n<tr>\n<td>\n<h3>Juice<\/h3>\n<\/td>\n<td><\/td>\n<\/tr>\n<tr>\n<td>Orage<\/td>\n<td><strong>750Ft<\/strong>\/0,3l<\/td>\n<\/tr>\n<tr>\n<td>\n<h3>Lemonade<\/h3>\n<\/td>\n<td><\/td>\n<\/tr>\n<tr>\n<td>Lemonade<\/td>\n<td><strong>450Ft<\/strong>\/0,3l <strong>650Ft<\/strong>\/0,5l<\/td>\n<\/tr>\n<tr>\n<td>Flavored lemonade<\/td>\n<td><strong>550Ft<\/strong>\/0,3l <strong>750Ft<\/strong>\/0,5l<\/td>\n<\/tr>\n<tr>\n<td>\n<h3>Coffee<\/h3>\n<\/td>\n<td><\/td>\n<\/tr>\n<tr>\n<td>Espresso<\/td>\n<td><strong>350 Ft<\/strong><\/td>\n<\/tr>\n<tr>\n<td>Ristretto<\/td>\n<td><strong>350 Ft<\/strong><\/td>\n<\/tr>\n<tr>\n<td>Espresso macchiato<\/td>\n<td><strong>380 Ft<\/strong><\/td>\n<\/tr>\n<tr>\n<td>Double espresso<\/td>\n<td><strong>580 Ft<\/strong><\/td>\n<\/tr>\n<tr>\n<td><span id=\"result_box\" class=\"short_text\" lang=\"en\"><span class=\"\">Long coffee<\/span><\/span><\/td>\n<td><strong>370 Ft<\/strong><\/td>\n<\/tr>\n<tr>\n<td>Cappuccino<\/td>\n<td><strong>470 Ft<\/strong><\/td>\n<\/tr>\n<tr>\n<td>Melange<\/td>\n<td><strong>580 Ft<\/strong><\/td>\n<\/tr>\n<tr>\n<td>Caffee Latte<\/td>\n<td><strong>530 Ft<\/strong><\/td>\n<\/tr>\n<tr>\n<td>Caramel Latte<\/td>\n<td><strong>650 Ft<\/strong><\/td>\n<\/tr>\n<tr>\n<td>Retro Coffee<\/td>\n<td><strong>420 Ft<\/strong><\/td>\n<\/tr>\n<tr>\n<td>\n<h4>Cold coffee<\/h4>\n<\/td>\n<td><\/td>\n<\/tr>\n<tr>\n<td>Ice coffee with vanilla ice cream<\/td>\n<td><strong>890 Ft<\/strong><\/td>\n<\/tr>\n<tr>\n<td>Mandelkaffee<\/td>\n<td><strong>920 Ft<\/strong><\/td>\n<\/tr>\n<tr>\n<td>\n<h4>Alcohol Coffee<\/h4>\n<\/td>\n<td><\/td>\n<\/tr>\n<tr>\n<td>Irisch Kaffee <span id=\"result_box\" class=\"\" lang=\"en\"><span class=\"\">(Long Coffee, Irish Whiskey, Barn Sugar, Whipped Cream)<\/span><\/span><\/td>\n<td><strong>890 Ft<\/strong><\/td>\n<\/tr>\n<tr>\n<td>Bailey\u2019s Caffe <span id=\"result_box\" class=\"\" lang=\"en\"><span class=\"\">(Caffe Latte, Bailey&#8217;s, Milk Foam and Caramel Syrup)<\/span><\/span><\/td>\n<td><strong>990 Ft<\/strong><\/td>\n<\/tr>\n<tr>\n<td>Calypso k\u00e1v\u00e9 <span id=\"result_box\" class=\"\" lang=\"en\"><span class=\"\">(Caffe latte, Spiced rum, almond syrup, whipped cream)<\/span><\/span><\/td>\n<td><strong>990 Ft<\/strong><\/td>\n<\/tr>\n<tr>\n<td>Caf\u00e9 Creamy <span id=\"result_box\" class=\"\" lang=\"en\"><span class=\"\">(Caffe Latte, Bailey&#8217;s, Coconut Liqueur, Whipped Cream)<\/span><\/span><\/td>\n<td><strong>990 Ft<\/strong><\/td>\n<\/tr>\n<tr>\n<td>\n<h4>Hot drinks<\/h4>\n<\/td>\n<td><\/td>\n<\/tr>\n<tr>\n<td>Cacao<\/td>\n<td><strong>380 Ft<\/strong><\/td>\n<\/tr>\n<tr>\n<td>Chocolate<\/td>\n<td><strong>480 Ft<\/strong><\/td>\n<\/tr>\n<tr>\n<td>Tea<\/td>\n<td><strong>380 Ft<\/strong><\/td>\n<\/tr>\n<tr>\n<td>\n<h3>Cider<\/h3>\n<\/td>\n<td><\/td>\n<\/tr>\n<tr>\n<td>Kingswood Cider<\/td>\n<td><strong>790 Ft<\/strong>\/0,4l<\/td>\n<\/tr>\n<tr>\n<td>Somersby Cider<\/td>\n<td><strong>790 Ft<\/strong>\/0,33<\/td>\n<\/tr>\n<tr>\n<td>\n<h3>Spritzer (wine:soda)<\/h3>\n<\/td>\n<td><\/td>\n<\/tr>\n<tr>\n<td>2:1<\/td>\n<td><strong>550 Ft<\/strong><\/td>\n<\/tr>\n<tr>\n<td>1:2<\/td>\n<td><strong>350 Ft<\/strong><\/td>\n<\/tr>\n<tr>\n<td>2:2<\/td>\n<td><strong>590 Ft<\/strong><\/td>\n<\/tr>\n<tr>\n<td>3:2<\/td>\n<td><strong>650 Ft<\/strong><\/td>\n<\/tr>\n<tr>\n<td>2:3<\/td>\n<td><strong>550 Ft<\/strong><\/td>\n<\/tr>\n<tr>\n<td>1:4<\/td>\n<td><strong>450 Ft<\/strong><\/td>\n<\/tr>\n<tr>\n<td>\n<h3>Draft beer<\/h3>\n<\/td>\n<td><\/td>\n<\/tr>\n<tr>\n<td>Dreher<\/td>\n<td><strong>460 Ft<\/strong>\/0,3l <strong>580 Ft<\/strong>\/0,5l<\/td>\n<\/tr>\n<tr>\n<td>Dreher Hidegkoml\u00f3s<\/td>\n<td><strong>520 Ft<\/strong>\/0,3l <strong>680 Ft<\/strong>\/0,5l<\/td>\n<\/tr>\n<tr>\n<td>Dreher Bak<\/td>\n<td><strong>520 Ft<\/strong>\/0,3l <strong>880 Ft<\/strong>\/0,5l<\/td>\n<\/tr>\n<tr>\n<td>Pilsner Urquell<\/td>\n<td><strong>520\u00a0Ft<\/strong>\/0,3l <strong>680 F<\/strong>t\/0,5l<\/td>\n<\/tr>\n<tr>\n<td>HB Weissbier<\/td>\n<td>650\u00a0Ft\/0,3l <strong>850 Ft<\/strong>\/0,5l<\/td>\n<\/tr>\n<tr>\n<td>Arany\u00e1szok<\/td>\n<td><strong>390 Ft<\/strong>\/0,3l <strong>490 Ft<\/strong>\/0,5l<\/td>\n<\/tr>\n<tr>\n<td>Radler (sprite-s\u00f6r)<\/td>\n<td><strong>460 Ft<\/strong>\/0,3l <strong>580<\/strong> Ft\/0,5l<\/td>\n<\/tr>\n<tr>\n<td>\n<h3>Bottled beer<\/h3>\n<\/td>\n<td><\/td>\n<\/tr>\n<tr>\n<td>Dreher Pils<\/td>\n<td><strong>550 Ft<\/strong>\/0,5l<\/td>\n<\/tr>\n<tr>\n<td>Dreher Bak<\/td>\n<td><strong>580 Ft<\/strong>\/0,5l<\/td>\n<\/tr>\n<tr>\n<td>HB B\u00fazas\u00f6r\/ Weissbier<\/td>\n<td><strong>850 Ft<\/strong>\/0,5l<\/td>\n<\/tr>\n<tr>\n<td>Dreher 24 alcohol free<\/td>\n<td><strong>550 Ft<\/strong>\/0,5l<\/td>\n<\/tr>\n<tr>\n<td>Corona Extra<\/td>\n<td><strong>990 Ft<\/strong>\/0,33l<\/td>\n<\/tr>\n<tr>\n<td>Miller<\/td>\n<td><strong>550 Ft<\/strong>\/0,33l<\/td>\n<\/tr>\n<tr>\n<td>\n<h3><span id=\"result_box\" class=\"short_text\" lang=\"en\"><span class=\"\">Champagne<\/span><\/span><\/h3>\n<\/td>\n<td><\/td>\n<\/tr>\n<tr>\n<td>T\u00f6rley Charmant Doux; G\u00e1la<\/td>\n<td><strong>690 Ft<\/strong>\/0,15l <strong>2150 Ft<\/strong>\/0,75l<\/td>\n<\/tr>\n<tr>\n<td>Hungaria Extra Dry<\/td>\n<td><strong>3300 Ft<\/strong>\/0,75l<\/td>\n<\/tr>\n<tr>\n<td>Gancia Prosecco Dry 11,5\u00b0<\/td>\n<td><strong>890 Ft<\/strong>\/0,15l <strong>3650 Ft<\/strong>\/0,75l<\/td>\n<\/tr>\n<tr>\n<td>Gancia Asti 7,5\u00b0<\/td>\n<td><strong>3990 Ft<\/strong>\/0,75l<\/td>\n<\/tr>\n<tr>\n<td>\n<h3>Liqueurs<\/h3>\n<\/td>\n<td><\/td>\n<\/tr>\n<tr>\n<td>Aperol 11%<\/td>\n<td><strong>650 Ft<\/strong>\/0,04l<\/td>\n<\/tr>\n<tr>\n<td>Jagermeister 35%<\/td>\n<td><strong>650 Ft<\/strong>\/0,04l<\/td>\n<\/tr>\n<tr>\n<td>Unicum \/plummy unicum 35%<\/td>\n<td><strong>650 Ft<\/strong>\/0,04l<\/td>\n<\/tr>\n<tr>\n<td>Carolans<\/td>\n<td><strong>650 Ft<\/strong>\/0,04l<\/td>\n<\/tr>\n<tr>\n<td>Bailey\u2019s<\/td>\n<td><strong>650 Ft<\/strong>\/0,04l<\/td>\n<\/tr>\n<tr>\n<td>\n<h3>Whisky<\/h3>\n<\/td>\n<td><\/td>\n<\/tr>\n<tr>\n<td>Ballantine\u2019s<\/td>\n<td><strong>650 Ft<\/strong>\/0,04l<\/td>\n<\/tr>\n<tr>\n<td>Johnnie W. Red<\/td>\n<td><strong>650 Ft<\/strong>\/0,04l<\/td>\n<\/tr>\n<tr>\n<td>Grant\u2019s 40%<\/td>\n<td><strong>650 Ft<\/strong>\/0,04l<\/td>\n<\/tr>\n<tr>\n<td>Jim Beam<\/td>\n<td><strong>650 Ft<\/strong>\/0,04l<\/td>\n<\/tr>\n<tr>\n<td>Jack Daniels<\/td>\n<td><strong>790 Ft<\/strong>\/0,04l<\/td>\n<\/tr>\n<tr>\n<td>Jameson<\/td>\n<td><strong>790 Ft<\/strong>\/0,04l<\/td>\n<\/tr>\n<tr>\n<td>Chivas Regal<\/td>\n<td><strong>1100 Ft<\/strong>\/0,04l<\/td>\n<\/tr>\n<tr>\n<td>Jack Daniels Single Barrel<\/td>\n<td><strong>1550 Ft<\/strong>\/0,04l<\/td>\n<\/tr>\n<tr>\n<td>Glenfidich 12 years old<\/td>\n<td><strong>1550 Ft<\/strong>\/0,04l<\/td>\n<\/tr>\n<tr>\n<td>\n<h3>Gin<\/h3>\n<\/td>\n<td><\/td>\n<\/tr>\n<tr>\n<td>Beefeater Gin<\/td>\n<td><strong>750 Ft<\/strong>\/0,04l<\/td>\n<\/tr>\n<tr>\n<td>Bols Silver Top Dry Gin<\/td>\n<td><strong>600 Ft<\/strong>\/0,04l<\/td>\n<\/tr>\n<tr>\n<td>Captain\u2019s Gin 40%<\/td>\n<td><strong>600 Ft<\/strong>\/0,04l<\/td>\n<\/tr>\n<tr>\n<td>\n<h3>Vodka<\/h3>\n<\/td>\n<td><\/td>\n<\/tr>\n<tr>\n<td>Nemirovskaya<\/td>\n<td><strong>600 Ft<\/strong>\/0,04l<\/td>\n<\/tr>\n<tr>\n<td>Bols Vodka 37,5%<\/td>\n<td><strong>600 Ft<\/strong>\/0,04l<\/td>\n<\/tr>\n<tr>\n<td>Finlandia<\/td>\n<td><strong>600 Ft<\/strong>\/0,04l<\/td>\n<\/tr>\n<tr>\n<td>Russian Standard Original<\/td>\n<td><strong>650 Ft<\/strong>\/0,04l<\/td>\n<\/tr>\n<tr>\n<td>Absolut Blue<\/td>\n<td><strong>750 Ft<\/strong>\/0,04l<\/td>\n<\/tr>\n<tr>\n<td>\n<h3>Rum<\/h3>\n<\/td>\n<td><\/td>\n<\/tr>\n<tr>\n<td>Tobacco White rum 37,5%<\/td>\n<td><strong>600 Ft<\/strong>\/0,04l<\/td>\n<\/tr>\n<tr>\n<td>Tobacco Brown rum 37,5%<\/td>\n<td><strong>650 Ft<\/strong>\/0,04l<\/td>\n<\/tr>\n<tr>\n<td>Bacardi Superior 37,5%<\/td>\n<td><strong>650 Ft<\/strong>\/0,04l<\/td>\n<\/tr>\n<tr>\n<td>Spitz rum 80%<\/td>\n<td><strong>950 Ft<\/strong>\/0,04l<\/td>\n<\/tr>\n<tr>\n<td>Ron Matusalem Clasico 10 yo 40%<\/td>\n<td><strong>1150 Ft<\/strong>\/0,04l<\/td>\n<\/tr>\n<tr>\n<td>\n<h3>Tequila<\/h3>\n<\/td>\n<td><\/td>\n<\/tr>\n<tr>\n<td>Tequila Jose Cuervo Silver\/Gold 38%<\/td>\n<td><strong>950 Ft<\/strong>\/0,04l<\/td>\n<\/tr>\n<tr>\n<td>Tequila San Luis Silver\/Gold 35%<\/td>\n<td><strong>950 Ft<\/strong>\/0,04l<\/td>\n<\/tr>\n<tr>\n<td>\n<h3>Brandy-Cognak<\/h3>\n<\/td>\n<td><\/td>\n<\/tr>\n<tr>\n<td>St. Remy Napoleon Brandy 36%<\/td>\n<td><strong>650 Ft<\/strong>\/0,04l<\/td>\n<\/tr>\n<tr>\n<td>Metaxa 5* Brandy 38%<\/td>\n<td><strong>750 Ft<\/strong>\/0,04l<\/td>\n<\/tr>\n<tr>\n<td>Remy Martin V.S.O.P Cognac 40%<\/td>\n<td><strong>1900 Ft<\/strong>\/0,04l<\/td>\n<\/tr>\n<tr>\n<td>\n<h3>Vermouth<\/h3>\n<\/td>\n<td><\/td>\n<\/tr>\n<tr>\n<td>Martini Bianco, Dry, Rosato, Rosso<\/td>\n<td><strong>650 Ft<\/strong>\/0,08l<\/td>\n<\/tr>\n<tr>\n<td>Campari Bitter<\/td>\n<td><strong>950 Ft<\/strong>\/0,08l<\/td>\n<\/tr>\n<tr>\n<td>\n<h3>Cocktails<\/h3>\n<\/td>\n<td><\/td>\n<\/tr>\n<tr>\n<td>Sangria \u00a0(1 lit.)<\/td>\n<td><strong>2290 Ft<\/strong><\/td>\n<\/tr>\n<tr>\n<td>Sangria \u00a0(0,3 lit.)<\/td>\n<td><strong>950 Ft<\/strong><\/td>\n<\/tr>\n<tr>\n<td>Aperol Spritz(0,3 lit.) Prosecco, Aperol, orange<\/td>\n<td><strong>950 Ft<\/strong><\/td>\n<\/tr>\n<tr>\n<td><strong>Hugo<\/strong> <span id=\"result_box\" class=\"short_text\" lang=\"en\"><span class=\"\">(Prosecco, lime, mint, elderberry syrup)<\/span><\/span><\/td>\n<td><strong>950 Ft<\/strong><\/td>\n<\/tr>\n<tr>\n<td><strong>Margarita Classic<\/strong> <span id=\"result_box\" class=\"short_text\" lang=\"en\"><span class=\"\">(Tequila, Cointreau, lemon crushed ice)<\/span><\/span><\/td>\n<td><strong>1490 Ft<\/strong><\/td>\n<\/tr>\n<tr>\n<td><strong>Cosmopolitan <\/strong><span id=\"result_box\" class=\"short_text\" lang=\"en\" style=\"font-size: 10pt;\"><span class=\"\">(Vodka, Cointreau, cranberry, lime, crushed ice)<\/span><\/span><\/td>\n<td><strong>1590 Ft<\/strong><\/td>\n<\/tr>\n<tr>\n<td><strong>Mojito Rum<\/strong> <span id=\"result_box\" class=\"short_text\" lang=\"en\"><span class=\"\">(Light rum, sugar, lime, mint, soda, lots of ice)<\/span><\/span><\/td>\n<td><strong>1390 Ft<\/strong><\/td>\n<\/tr>\n<tr>\n<td><strong>Frozen Strawberry Daiquiri <\/strong><span id=\"result_box\" class=\"\" lang=\"en\" style=\"font-size: 10pt;\"><span class=\"\">(White Rum, strawberry and sugar syrup, strawberry, lime)<\/span><\/span><\/td>\n<td><strong>1690 Ft<\/strong><\/td>\n<\/tr>\n<tr>\n<td><strong>Mojito Vodka<\/strong> <span id=\"result_box\" class=\"short_text\" lang=\"en\"><span class=\"\">(Vodka, sugar, lime, mint, soda, lots of ice)<\/span><\/span><\/td>\n<td><strong>1390 Ft<\/strong><\/td>\n<\/tr>\n<tr>\n<td><strong>Cuba Libre<\/strong> <span id=\"result_box\" class=\"short_text\" lang=\"en\"><span class=\"\">(Light rum, lime, cola, lots of ice)<\/span><\/span><\/td>\n<td><strong>1290 Ft<\/strong><\/td>\n<\/tr>\n<tr>\n<td><strong>Almhugo<\/strong> <span id=\"result_box\" class=\"\" lang=\"en\"><span class=\"\">(Vodka, Almdudler, elderberry syrup, lime, mint, crushed ice)<\/span><\/span><\/td>\n<td><strong>1390 Ft<\/strong><\/td>\n<\/tr>\n<tr>\n<td><strong>Sex on the Beach<\/strong> <span id=\"result_box\" class=\"\" lang=\"en\"><span class=\"\">(Vodka, Peach Tree, pineapple juice, orange juice, currant, ice)<\/span><\/span><\/td>\n<td><strong>1550 Ft<\/strong><\/td>\n<\/tr>\n<tr>\n<td><strong>Caipirinha<\/strong> <span id=\"result_box\" class=\"short_text\" lang=\"en\"><span class=\"\">(Cachaca, lime, brown sugar, crushed ice)<\/span><\/span><\/td>\n<td><strong>1450 Ft<\/strong><\/td>\n<\/tr>\n<tr>\n<td><strong>Tequila Sunrise<\/strong> <span id=\"result_box\" class=\"\" lang=\"en\"><span class=\"\">(Tequila, orange juice, lemon juice, grenadine, ice)<\/span><\/span><\/td>\n<td><strong>1390 Ft<\/strong><\/td>\n<\/tr>\n<tr>\n<td><strong>Top Modell <\/strong><span id=\"result_box\" class=\"\" lang=\"en\" style=\"font-size: 10pt;\"><span class=\"\">(Light rum, passion fruit, maracuja syrup, peach butter, grenadine, lime)<\/span><\/span><\/td>\n<td><strong>1390 Ft<\/strong><\/td>\n<\/tr>\n<tr>\n<td>\n<h4>Strong Cocktails<\/h4>\n<\/td>\n<td><\/td>\n<\/tr>\n<tr>\n<td><strong>Mai Tai<\/strong> <span id=\"result_box\" class=\"\" lang=\"en\"><span class=\"\">(Light rum, dark rum, triple sec, almond syrup, lime, pineapple juice, orange juice)<\/span><\/span><\/td>\n<td><strong>1650 Ft<\/strong><\/td>\n<\/tr>\n<tr>\n<td><strong>Zombi<\/strong><\/td>\n<td><strong>1690 Ft<\/strong><\/td>\n<\/tr>\n<tr>\n<td><strong>Speed<\/strong> <span id=\"result_box\" class=\"\" lang=\"en\"><span class=\"\">(Vodka, tequila, light rum, lemon juice, eperszirup, Red Bull energy drink)<\/span><\/span><\/td>\n<td><strong>1890 Ft<\/strong><\/td>\n<\/tr>\n<tr>\n<td><strong>Long Island Ice Tea<\/strong> <span id=\"result_box\" class=\"\" lang=\"en\"><span class=\"\">(Vodka, triple sec, tequila, light rum, gin, lemon juice, cola)<\/span><\/span><\/td>\n<td><strong>1750 Ft<\/strong><\/td>\n<\/tr>\n<tr>\n<td><strong>Calypso<\/strong><\/td>\n<td><strong>1750 Ft<\/strong><\/td>\n<\/tr>\n<tr>\n<td><strong>B52<\/strong> <span id=\"result_box\" class=\"short_text\" lang=\"en\"><span class=\"\">(Coffee liqueur, Cointreau, Carolans, Spitz Rum)<\/span><\/span><\/td>\n<td><strong>1490 Ft<\/strong><\/td>\n<\/tr>\n<tr>\n<td>\n<h4>Sweet Cocktails<\/h4>\n<\/td>\n<td><\/td>\n<\/tr>\n<tr>\n<td><strong>Pina Colada<\/strong> <span id=\"result_box\" class=\"short_text\" lang=\"en\"><span class=\"\">(Light rum, coconut syrup, pineapple juice, cream)<\/span><\/span><\/td>\n<td><strong>1490 Ft<\/strong><\/td>\n<\/tr>\n<tr>\n<td><strong>Strawberry Colada<\/strong> <span id=\"result_box\" class=\"\" lang=\"en\" style=\"font-size: 10pt;\"><span class=\"\">(Light rum, coconut syrup, pineapple juice, strawberries, strawberries, cream)<\/span><\/span><\/td>\n<td><strong>1490 Ft<\/strong><\/td>\n<\/tr>\n<tr>\n<td><strong>Copacabana<\/strong> <span id=\"result_box\" class=\"\" lang=\"en\"><span class=\"\">(Malibu coconut, Pisang Ambon baby triple, triple sec, pineapple juice, ice)<\/span><\/span><\/td>\n<td><strong>1490 Ft<\/strong><\/td>\n<\/tr>\n<tr>\n<td><strong>Bailey\u2019s Colada<\/strong> <span id=\"result_box\" class=\"\" lang=\"en\"><span class=\"\">(Bailey&#8217;s, dark rum, coconut syrup, pineapple juice, cream)<\/span><\/span><\/td>\n<td><strong>1550 Ft<\/strong><\/td>\n<\/tr>\n<tr>\n<td><strong>Swimming Pool<\/strong> <span id=\"result_box\" class=\"\" lang=\"en\"><span class=\"\">(Vodka, coconut violet, Curacao Blue, pineapple juice, cream)<\/span><\/span><\/td>\n<td><strong>1450 Ft<\/strong><\/td>\n<\/tr>\n<tr>\n<td>\n<h4>Virgin Cocktails<\/h4>\n<\/td>\n<td><\/td>\n<\/tr>\n<tr>\n<td><strong>Virgin Mojito<\/strong> <span id=\"result_box\" class=\"short_text\" lang=\"en\"><span class=\"\">(Lime, mint, sugar, soda, crushed ice)<\/span><\/span><\/td>\n<td><strong>890 Ft<\/strong><\/td>\n<\/tr>\n<tr>\n<td><strong>Virgin Mojito-Alm<\/strong> <span id=\"result_box\" class=\"short_text\" lang=\"en\"><span class=\"\">(Almdudler, lime, mint, crushed ice)<\/span><\/span><\/td>\n<td><strong>890 Ft<\/strong><\/td>\n<\/tr>\n<tr>\n<td><strong><span id=\"result_box\" class=\"short_text\" lang=\"en\"><span class=\"\">Vitamin cocktail with fresh seasonal fruits<\/span><\/span><\/strong><\/td>\n<td><strong>890 Ft<\/strong><\/td>\n<\/tr>\n<tr>\n<td><strong>Speedy &#8211; a f\u0151n\u00f6k kedvence<\/strong> (0,4 lit.) <span id=\"result_box\" class=\"short_text\" lang=\"en\"><span class=\"\">(Red-bull, ginger, lime, crushed ice)<\/span><\/span><\/td>\n<td><strong>1250 Ft<\/strong><\/td>\n<\/tr>\n<tr>\n<td><strong>Virgin Strawberry Colada<\/strong> <span id=\"result_box\" class=\"short_text\" lang=\"en\"><span class=\"\">(Pineapple juice, cream, coconut syrup, ice)<\/span><\/span><\/td>\n<td><strong>890 Ft<\/strong><\/td>\n<\/tr>\n<tr>\n<td><strong>Virgin Pina Colada<\/strong> <span id=\"result_box\" class=\"short_text\" lang=\"en\"><span class=\"\">(Pineapple juice, cream, coconut syrup, ice)<\/span><\/span><\/td>\n<td><strong>890 Ft<\/strong><\/td>\n<\/tr>\n<tr>\n<td><strong>Virgin Top Modell<\/strong> <span id=\"result_box\" class=\"\" lang=\"en\"><span class=\"\">(Peach juice, maracuja syrup, lemon juice, grenadine, ice)<\/span><\/span><\/td>\n<td><strong>890 Ft<\/strong><\/td>\n<\/tr>\n<tr>\n<td><strong>Safe Sex on the Beach<\/strong> <span id=\"result_box\" class=\"\" lang=\"en\"><span class=\"\">(Peach syrup, currant, orange juice, pineapple juice, ice)<\/span><\/span><\/td>\n<td><strong>890 Ft<\/strong><\/td>\n<\/tr>\n<tr>\n<td><strong>Freedom<\/strong> <span id=\"result_box\" class=\"\" lang=\"en\"><span class=\"\">(Pineapple juice, orange juice, Tropical Blue syrup, ice)<\/span><\/span><\/td>\n<td><strong>890 Ft<\/strong><\/td>\n<\/tr>\n<tr>\n<td>\n<h3><span id=\"result_box\" class=\"short_text\" lang=\"en\"><span class=\"\">Non-alcoholic refreshing drinks<\/span><\/span><\/h3>\n<\/td>\n<td><\/td>\n<\/tr>\n<tr>\n<td>Lemonade\u00a0<span id=\"result_box\" class=\"short_text\" lang=\"en\"><span class=\"\">(Lemon, lemon juice, sugar syrup, soda, ice)<\/span><\/span><\/td>\n<td><strong>450Ft<\/strong>\/0,3l |<strong> 650 Ft<\/strong>\/0,5l<\/td>\n<\/tr>\n<tr>\n<td><span id=\"result_box\" class=\"\" lang=\"en\"><span class=\"\">Flavored lemonade (Elderberry, raspberry, strawberry, blackberry, green apple, maracuja)<\/span><\/span><\/td>\n<td><strong>550Ft<\/strong>\/0,3l | <strong>750 Ft<\/strong>\/0,5l<\/td>\n<\/tr>\n<tr>\n<td>Lemonade (1 l)<\/td>\n<td><strong>850 Ft<\/strong><\/td>\n<\/tr>\n<tr>\n<td>Flavored lemonade (1 l)<\/td>\n<td><strong>950 Ft<\/strong><\/td>\n<\/tr>\n<tr>\n<td><span id=\"result_box\" class=\"short_text\" lang=\"en\"><span class=\"\">Fresh lemonade made from freshly squeezed lemons<\/span><\/span><\/td>\n<td><strong>650Ft<\/strong>\/0,3l | <strong>850 Ft<\/strong>\/0,5l<\/td>\n<\/tr>\n<tr>\n<td><span id=\"result_box\" class=\"short_text\" lang=\"en\"><span class=\"\">Fresh lemonade made from freshly squeezed lemons (1 lit)<\/span><\/span><\/td>\n<td><strong>1250 Ft<\/strong><\/td>\n<\/tr>\n<tr>\n<td>Orange juice<\/td>\n<td><strong>870 Ft<\/strong>\/0,3l<\/td>\n<\/tr>\n<tr>\n<td>Shake<\/td>\n<td><strong>850 Ft<\/strong>\/0,3l<\/td>\n<\/tr>\n<tr>\n<td>Milk shake<\/td>\n<td><strong>790 Ft<\/strong>\/0,3l<\/td>\n<\/tr>\n<tr>\n<td>\n<h3>Wines<\/h3>\n<\/td>\n<td><\/td>\n<\/tr>\n<tr>\n<td>\n<h4><span id=\"result_box\" class=\"short_text\" lang=\"en\"><span class=\"\">Quality glassy wines<\/span><\/span><\/h4>\n<\/td>\n<td><\/td>\n<\/tr>\n<tr>\n<td>\n<h4><span id=\"result_box\" class=\"short_text\" lang=\"en\"><span class=\"\">Quality\u00a0<\/span><\/span>White wines<\/h4>\n<\/td>\n<td><\/td>\n<\/tr>\n<tr>\n<td>Ikon Kir\u00e1lyl\u00e1nyka-Z\u00f6ldvelltellini (dry)<\/td>\n<td><strong>2190 Ft<\/strong>\/0,75l<\/td>\n<\/tr>\n<tr>\n<td>Nyakas Irsai Oliv\u00e9r (dry)<\/td>\n<td><strong>390 Ft<\/strong>\/0,1l | <strong>2650 Ft<\/strong>\/0,75<\/td>\n<\/tr>\n<tr>\n<td>F\u00e1ncsi Irsai Oliv\u00e9r \u00a0(dry)<\/td>\n<td><strong>240 Ft<\/strong>\/0,1l |<strong> 1800 Ft<\/strong>\/0,75<\/td>\n<\/tr>\n<tr>\n<td>F\u00e1ncsi Z\u00f6ldveltelini (dry)<\/td>\n<td><strong>240 Ft<\/strong>\/0,1l | <strong>1800 Ft<\/strong>\/0,75<\/td>\n<\/tr>\n<tr>\n<td>F\u00e1ncsi Muscat Ottonel (dry)<\/td>\n<td><strong>240 Ft<\/strong>\/0,1l | <strong>1800 Ft<\/strong>\/0,75<\/td>\n<\/tr>\n<tr>\n<td>\n<h4><span id=\"result_box\" class=\"short_text\" lang=\"en\"><span class=\"\">Quality\u00a0<\/span><\/span>Ros\u00e9 wines<\/h4>\n<\/td>\n<td><\/td>\n<\/tr>\n<tr>\n<td>Ikon Ros\u00e9<\/td>\n<td><strong>390 Ft<\/strong>\/0,1l | <strong>2490 Ft<\/strong>\/0,75<\/td>\n<\/tr>\n<tr>\n<td>Kony\u00e1ri Ros\u00e9<\/td>\n<td><strong>2890 Ft<\/strong>\/0,75<\/td>\n<\/tr>\n<tr>\n<td>Sauska Ros\u00e9<\/td>\n<td><strong>3490 Ft<\/strong>\/0,75<\/td>\n<\/tr>\n<tr>\n<td>\n<h4><span id=\"result_box\" class=\"short_text\" lang=\"en\"><span class=\"\">Quality\u00a0<\/span><\/span>Red wines<\/h4>\n<\/td>\n<td><\/td>\n<\/tr>\n<tr>\n<td>Ikon Cabernet Sauvignon<\/td>\n<td><strong>390 Ft<\/strong>\/0,1l | <strong>2350 Ft<\/strong>\/0,75<\/td>\n<\/tr>\n<tr>\n<td>Ikon Merlot<\/td>\n<td><strong>350 Ft<\/strong>\/0,1l | <strong>2150 Ft<\/strong>\/0,75<\/td>\n<\/tr>\n<tr>\n<td>Ikon K\u00e9kfrankos<\/td>\n<td><strong>350 Ft<\/strong>\/0,1l | <strong>2150 Ft<\/strong>\/0,75<\/td>\n<\/tr>\n<tr>\n<td>Ikon Shiraz<\/td>\n<td><strong>390 Ft<\/strong>\/0,1l | <strong>2650 Ft<\/strong>\/0,75<\/td>\n<\/tr>\n<tr>\n<td>Ikon Cabernet Franc Evangelista<\/td>\n<td><strong>850 Ft<\/strong>\/0,1l | <strong>4990 Ft<\/strong>\/0,75<\/td>\n<\/tr>\n<tr>\n<td>Ikon Tulip\u00e1n<\/td>\n<td><strong>5990 Ft<\/strong>\/0,75<\/td>\n<\/tr>\n<tr>\n<td>\n<h4>Wines<\/h4>\n<\/td>\n<td><\/td>\n<\/tr>\n<tr>\n<td>\n<h4>White wines<\/h4>\n<\/td>\n<td><\/td>\n<\/tr>\n<tr>\n<td>Olaszrizling (dry)<\/td>\n<td><strong>240 Ft<\/strong>\/0,1l<\/td>\n<\/tr>\n<tr>\n<td>Badacsonyi Muskot\u00e1ly Cuv\u00e9e (h<span id=\"result_box\" class=\"short_text\" lang=\"en\"><span class=\"\">alf sweet<\/span><\/span>)<\/td>\n<td><strong>240 Ft<\/strong>\/0,1l<\/td>\n<\/tr>\n<tr>\n<td>F\u00e1ncsi Hegyi Irsai Oliv\u00e9r (dry)<\/td>\n<td><strong>240 Ft<\/strong>\/0,1l<\/td>\n<\/tr>\n<tr>\n<td>F\u00e1ncsi Hegyi Z\u00f6ldbor(dry)<\/td>\n<td><strong>240 Ft<\/strong>\/0,1l<\/td>\n<\/tr>\n<tr>\n<td>F\u00e1ncsi Hegyi Muscat Ottonel (dry)<\/td>\n<td><strong>240 Ft<\/strong>\/0,1l<\/td>\n<\/tr>\n<tr>\n<td>\n<h4>Ros\u00e9 wines<\/h4>\n<\/td>\n<td><\/td>\n<\/tr>\n<tr>\n<td>Feind Ros\u00e9 2014 (dry)<\/td>\n<td><strong>240 Ft<\/strong>\/0,1l<\/td>\n<\/tr>\n<tr>\n<td>\n<h4>Red wines<\/h4>\n<\/td>\n<td><\/td>\n<\/tr>\n<tr>\n<td>Feind Cabernet-Franc Cuv\u00e9e (dry)<\/td>\n<td><strong>280 Ft<\/strong>\/0,1l<\/td>\n<\/tr>\n<tr>\n<td>Badacsonyi K\u00e9kfrankos (Varga) (half-sweet)<\/td>\n<td><strong>240 Ft<\/strong>\/0,1l<\/td>\n<\/tr>\n<tr>\n<td>\n<h4>Spritzer (wine:soda) (olaszrizling, ros\u00e9, irsai oliv\u00e9r)<\/h4>\n<\/td>\n<td><\/td>\n<\/tr>\n<tr>\n<td>2:1<\/td>\n<td><strong>550 Ft<\/strong><\/td>\n<\/tr>\n<tr>\n<td>1:2<\/td>\n<td><strong>350 Ft<\/strong><\/td>\n<\/tr>\n<tr>\n<td>2:2<\/td>\n<td><strong>590 Ft<\/strong><\/td>\n<\/tr>\n<tr>\n<td>3:2<\/td>\n<td><strong>650 Ft<\/strong><\/td>\n<\/tr>\n<tr>\n<td>2:3<\/td>\n<td><strong>550 Ft<\/strong><\/td>\n<\/tr>\n<tr>\n<td>1:4<\/td>\n<td><strong>450 Ft<\/strong><\/td>\n<\/tr>\n<tr>\n<td>0,5 lit. soda<\/td>\n<td><strong>300 Ft<\/strong><\/td>\n<\/tr>\n<tr>\n<td>1 lit. soda<\/td>\n<td><strong>400 Ft<\/strong><\/td>\n<\/tr>\n<\/tbody>\n<\/table>\n<p>[\/vc_column_text][\/vc_column][vc_column width=&#8221;1\/12&#8243;][\/vc_column][\/vc_row]<\/p>\n","protected":false},"excerpt":{"rendered":"<p>[vc_row][vc_column width=&#8221;1\/12&#8243;][\/vc_column][vc_column width=&#8221;10\/12&#8243;][vc_column_text] Soft drinks Cola, Orange, Lemon, Almdudler 390Ft\/0,3l \u00a0480Ft\/0,5l Elderberry syrup 360Ft\/0,3l \u00a0450Ft\/0,5l Raspberry syrup 360Ft\/0,3l \u00a0450Ft\/0,5l Apple spritzer 390Ft\/0,3l \u00a0480Ft\/0,5l Spezi (cola+fanta) 390Ft\/0,3l \u00a0480Ft\/0,5l Apple 25% 390Ft Cherry 390Ft Apricots 390Ft Peach 25% 390Ft Blackcurrant 25% 390Ft Orage juice 100% 420 Ft Pineapple 100% 420 Ft Ice-tea<span class=\"excerpt-hellip\"> [\u2026]<\/span><\/p>\n","protected":false},"author":1,"featured_media":0,"parent":0,"menu_order":0,"comment_status":"closed","ping_status":"closed","template":"","meta":{"footnotes":""},"class_list":["post-255","page","type-page","status-publish","hentry"],"_links":{"self":[{"href":"https:\/\/calypsocafe.hu\/en\/wp-json\/wp\/v2\/pages\/255","targetHints":{"allow":["GET"]}}],"collection":[{"href":"https:\/\/calypsocafe.hu\/en\/wp-json\/wp\/v2\/pages"}],"about":[{"href":"https:\/\/calypsocafe.hu\/en\/wp-json\/wp\/v2\/types\/page"}],"author":[{"embeddable":true,"href":"https:\/\/calypsocafe.hu\/en\/wp-json\/wp\/v2\/users\/1"}],"replies":[{"embeddable":true,"href":"https:\/\/calypsocafe.hu\/en\/wp-json\/wp\/v2\/comments?post=255"}],"version-history":[{"count":6,"href":"https:\/\/calypsocafe.hu\/en\/wp-json\/wp\/v2\/pages\/255\/revisions"}],"predecessor-version":[{"id":262,"href":"https:\/\/calypsocafe.hu\/en\/wp-json\/wp\/v2\/pages\/255\/revisions\/262"}],"wp:attachment":[{"href":"https:\/\/calypsocafe.hu\/en\/wp-json\/wp\/v2\/media?parent=255"}],"curies":[{"name":"wp","href":"https:\/\/api.w.org\/{rel}","templated":true}]}}